{"id":541,"date":"2018-11-27T09:17:08","date_gmt":"2018-11-27T09:17:08","guid":{"rendered":"https:\/\/techconnect-mi.com\/about\/"},"modified":"2025-06-12T08:40:14","modified_gmt":"2025-06-12T01:40:14","slug":"chuyen-doi-so-trong-san-xuat-cong-nghiep","status":"publish","type":"page","link":"https:\/\/techconnect-mi.com\/vi\/chuyen-doi-so-trong-san-xuat-cong-nghiep\/","title":{"rendered":"ABOUT US"},"content":{"rendered":"<div data-elementor-type=\"wp-post\" data-elementor-id=\"541\" class=\"elementor elementor-541\">\n\t\t\t\t\t\t<section class=\"elementor-section elementor-top-section elementor-element elementor-element-d7d8b56 elementor-section-boxed elementor-section-height-default elementor-section-height-default\" data-id=\"d7d8b56\" data-element_type=\"section\" data-settings=\"{&quot;background_background&quot;:&quot;classic&quot;}\">\n\t\t\t\t\t\t\t<div class=\"elementor-background-overlay\"><\/div>\n\t\t\t\t\t\t\t<div class=\"elementor-container elementor-column-gap-default\">\n\t\t\t\t\t<div class=\"elementor-column elementor-col-100 elementor-top-column elementor-element elementor-element-fd69444\" data-id=\"fd69444\" data-element_type=\"column\">\n\t\t\t<div class=\"elementor-widget-wrap elementor-element-populated\">\n\t\t\t\t\t\t<div class=\"elementor-element elementor-element-abcc2f2 elementor-widget elementor-widget-heading\" data-id=\"abcc2f2\" data-element_type=\"widget\" data-settings=\"{&quot;_animation&quot;:&quot;none&quot;}\" data-widget_type=\"heading.default\">\n\t\t\t\t<div class=\"elementor-widget-container\">\n\t\t\t\t\t<h1 class=\"elementor-heading-title elementor-size-default\">WHO ARE WE ?<\/h1>\t\t\t\t<\/div>\n\t\t\t\t<\/div>\n\t\t\t\t\t<\/div>\n\t\t<\/div>\n\t\t\t\t\t<\/div>\n\t\t<\/section>\n\t\t\t\t<section class=\"elementor-section elementor-top-section elementor-element elementor-element-5c40d7b elementor-section-boxed elementor-section-height-default elementor-section-height-default\" data-id=\"5c40d7b\" data-element_type=\"section\">\n\t\t\t\t\t\t<div class=\"elementor-container elementor-column-gap-default\">\n\t\t\t\t\t<div class=\"elementor-column elementor-col-50 elementor-top-column elementor-element elementor-element-2ebbf9c\" data-id=\"2ebbf9c\" data-element_type=\"column\">\n\t\t\t<div class=\"elementor-widget-wrap elementor-element-populated\">\n\t\t\t\t\t\t<div class=\"elementor-element elementor-element-fe195c7 elementor-widget elementor-widget-heading\" data-id=\"fe195c7\" data-element_type=\"widget\" data-widget_type=\"heading.default\">\n\t\t\t\t<div class=\"elementor-widget-container\">\n\t\t\t\t\t<h2 class=\"elementor-heading-title elementor-size-default\">About us<\/h2>\t\t\t\t<\/div>\n\t\t\t\t<\/div>\n\t\t\t\t<div class=\"elementor-element elementor-element-dc051dd elementor-widget-divider--view-line elementor-invisible elementor-widget elementor-widget-divider\" data-id=\"dc051dd\" data-element_type=\"widget\" data-settings=\"{&quot;_animation&quot;:&quot;bounce&quot;}\" data-widget_type=\"divider.default\">\n\t\t\t\t<div class=\"elementor-widget-container\">\n\t\t\t\t\t\t\t<div class=\"elementor-divider\">\n\t\t\t<span class=\"elementor-divider-separator\">\n\t\t\t\t\t\t<\/span>\n\t\t<\/div>\n\t\t\t\t\t\t<\/div>\n\t\t\t\t<\/div>\n\t\t\t\t<div class=\"elementor-element elementor-element-a1c0d8d elementor-widget elementor-widget-heading\" data-id=\"a1c0d8d\" data-element_type=\"widget\" data-widget_type=\"heading.default\">\n\t\t\t\t<div class=\"elementor-widget-container\">\n\t\t\t\t\t<h5 class=\"elementor-heading-title elementor-size-default\">TECHCONNECT offer comprehensive automation solutions for our customers in the manufacturing sector, empower them to build , expand and upgrade their process control systems.<\/h5>\t\t\t\t<\/div>\n\t\t\t\t<\/div>\n\t\t\t\t<div class=\"elementor-element elementor-element-6f80f2b elementor-widget elementor-widget-text-editor\" data-id=\"6f80f2b\" data-element_type=\"widget\" data-widget_type=\"text-editor.default\">\n\t\t\t\t<div class=\"elementor-widget-container\">\n\t\t\t\t\t\t\t\t\t<p>Established in 2017, TechConnect has earned the trust of our clients as a hardware and software development partner in optimization their production, customized application which can be flexible and appropriate to their manufacturing nature. Focusing on <b>SCADA , MES, IoT, Digital Transformation,&nbsp; Application Software and Machine Vision<\/b>, our products are great assistants in production control and optimization, quality management, traceability and reduced costs.<\/p>\n<p><\/p>\t\t\t\t\t\t\t\t<\/div>\n\t\t\t\t<\/div>\n\t\t\t\t<div class=\"elementor-element elementor-element-6bfffd1 elementor-widget elementor-widget-text-editor\" data-id=\"6bfffd1\" data-element_type=\"widget\" data-widget_type=\"text-editor.default\">\n\t\t\t\t<div class=\"elementor-widget-container\">\n\t\t\t\t\t\t\t\t\t<p><i style=\"font-weight: inherit; color: var( --e-global-color-52be948 );\">Techconnect<\/i> <i style=\"font-weight: inherit; color: var( --e-global-color-52be948 );\">cung<\/i> <i style=\"font-weight: inherit; color: var( --e-global-color-52be948 );\">c\u1ea5p<\/i> <i style=\"font-weight: inherit; color: var( --e-global-color-52be948 );\">gi\u1ea3i<\/i> <i style=\"font-weight: inherit; color: var( --e-global-color-52be948 );\">ph\u00e1p<\/i> <i style=\"font-weight: inherit; color: var( --e-global-color-52be948 );\">t\u1ef1<\/i> <i style=\"font-weight: inherit; color: var( --e-global-color-52be948 );\">\u0111\u1ed9ng<\/i> <i style=\"font-weight: inherit; color: var( --e-global-color-52be948 );\">h\u00f3a<\/i> <i style=\"font-weight: inherit; color: var( --e-global-color-52be948 );\">to\u00e0n<\/i> <i style=\"font-weight: inherit; color: var( --e-global-color-52be948 );\">di\u1ec7n<\/i> <i style=\"font-weight: inherit; color: var( --e-global-color-52be948 );\">cho<\/i> <i style=\"font-weight: inherit; color: var( --e-global-color-52be948 );\">kh\u00e1ch<\/i> <i style=\"font-weight: inherit; color: var( --e-global-color-52be948 );\">h\u00e0ng<\/i> <i style=\"font-weight: inherit; color: var( --e-global-color-52be948 );\">trong<\/i> <i style=\"font-weight: inherit; color: var( --e-global-color-52be948 );\">l\u0129nh<\/i> <i style=\"font-weight: inherit; color: var( --e-global-color-52be948 );\">v\u1ef1c<\/i> <i style=\"font-weight: inherit; color: var( --e-global-color-52be948 );\">s\u1ea3n<\/i> <i style=\"font-weight: inherit; color: var( --e-global-color-52be948 );\">xu\u1ea5t<\/i><i style=\"font-weight: inherit; color: var( --e-global-color-52be948 );\">, <\/i><i style=\"font-weight: inherit; color: var( --e-global-color-52be948 );\">trao<\/i> <i style=\"font-weight: inherit; color: var( --e-global-color-52be948 );\">cho<\/i> <i style=\"font-weight: inherit; color: var( --e-global-color-52be948 );\">kh\u00e1ch<\/i> <i style=\"font-weight: inherit; color: var( --e-global-color-52be948 );\">h\u00e0ng<\/i> <i style=\"font-weight: inherit; color: var( --e-global-color-52be948 );\">kh\u1ea3<\/i> <i style=\"font-weight: inherit; color: var( --e-global-color-52be948 );\">n\u0103ng<\/i> <i style=\"font-weight: inherit; color: var( --e-global-color-52be948 );\">x\u00e2y<\/i> <i style=\"font-weight: inherit; color: var( --e-global-color-52be948 );\">d\u1ef1ng<\/i><i style=\"font-weight: inherit; color: var( --e-global-color-52be948 );\">, <\/i><i style=\"font-weight: inherit; color: var( --e-global-color-52be948 );\">m\u1edf<\/i> <i style=\"font-weight: inherit; color: var( --e-global-color-52be948 );\">r\u1ed9ng<\/i> <i style=\"font-weight: inherit; color: var( --e-global-color-52be948 );\">v\u00e0<\/i> <i style=\"font-weight: inherit; color: var( --e-global-color-52be948 );\">n\u00e2ng<\/i> <i style=\"font-weight: inherit; color: var( --e-global-color-52be948 );\">c\u1ea5p<\/i> <i style=\"font-weight: inherit; color: var( --e-global-color-52be948 );\">h\u1ec7<\/i> <i style=\"font-weight: inherit; color: var( --e-global-color-52be948 );\">th\u1ed1ng<\/i> <i style=\"font-weight: inherit; color: var( --e-global-color-52be948 );\">qu\u1ea3n<\/i> <i style=\"font-weight: inherit; color: var( --e-global-color-52be948 );\">l\u00fd<\/i> <i style=\"font-weight: inherit; color: var( --e-global-color-52be948 );\">v\u00e0<\/i> <i style=\"font-weight: inherit; color: var( --e-global-color-52be948 );\">ki\u1ec3m<\/i> <i style=\"font-weight: inherit; color: var( --e-global-color-52be948 );\">so\u00e1t<\/i> <i style=\"font-weight: inherit; color: var( --e-global-color-52be948 );\">qu\u00e1<\/i> <i style=\"font-weight: inherit; color: var( --e-global-color-52be948 );\">tr\u00ecnh<\/i> <i style=\"font-weight: inherit; color: var( --e-global-color-52be948 );\">s\u1ea3n<\/i> <i style=\"font-weight: inherit; color: var( --e-global-color-52be948 );\">xu\u1ea5t<\/i><i style=\"font-weight: inherit; color: var( --e-global-color-52be948 );\">.<\/i><\/p>\n<p><i>\u0110\u01b0\u1ee3c<\/i> <i>th\u00e0nh<\/i> <i>l\u1eadp<\/i> <i>n\u0103m<\/i><i> 2017, <\/i><i>c\u00e1c<\/i> <i>s\u1ea3n<\/i> <i>ph\u1ea9m<\/i> <i>c\u1ee7a<\/i> <i>Techconnect<\/i> <i>li\u00ean<\/i> <i>quan<\/i> <i>\u0111\u1ebfn h\u1ed7 tr\u1ee3 chuy\u1ec3n \u0111\u1ed5i s\u1ed1nh\u00e0 m\u00e1y s\u1ea3n xu\u1ea5t nh\u01b0 OT\/OT, <\/i><i><b>MES,\u00a0SCADA , HMI, PLC, thi\u1ebft b\u1ecb IIOT <\/b><\/i><b><i>, <\/i><i>ph\u1ea7n<\/i> <i>m\u1ec1m<\/i> <i>\u1ee9ng<\/i> <i>d\u1ee5ng<\/i> <i>v\u00e0<\/i> <i>X\u1eed<\/i> <i>l\u00fd<\/i> <i>\u1ea3nh<\/i> <i>c\u00f4ng<\/i> <i>nghi\u1ec7p<\/i><\/b><i>, <\/i><i>\u0111\u00e3<\/i> <i>gi\u00fap<\/i> <i>ch\u00fang<\/i> <i>t\u00f4i<\/i> <i>x\u00e2y<\/i> <i>d\u1ef1ng<\/i> <i>\u0111\u01b0\u1ee3c<\/i> <i>l\u00f2ng<\/i><i> tin <\/i><i>v\u1edbi<\/i> <i>kh\u00e1ch<\/i> <i>h\u00e0ng<\/i> <i>trong<\/i> <i>l\u1ef1a<\/i> <i>ch\u1ecdn<\/i> <i>\u0111\u1ed1i<\/i> <i>t\u00e1c<\/i> <i>cho<\/i> <i>c\u00e1c<\/i> <i>gi\u1ea3i<\/i> <i>ph\u00e1p<\/i> <i>v\u1ec1<\/i> <b><i>ph\u1ea7n<\/i><\/b> <b><i>c\u1ee9ng<\/i><\/b> <b><i>v\u00e0<\/i><\/b> <b><i>ph\u1ea7n<\/i><\/b> <b><i>m\u1ec1m<\/i><\/b> <i>gi\u00fap<\/i> <i>h\u1ecd<\/i> <i>t\u1ed1i<\/i> <i>\u01b0u<\/i> <i>h\u00f3a<\/i> <i>qu\u00e1<\/i> <i>tr\u00ecnh<\/i> <i>s\u1ea3n<\/i> <i>xu\u1ea5t<\/i><i>, <\/i><i>t\u00f9y<\/i> <i>ch\u1ec9nh<\/i> <i>c\u00e1c<\/i> <i>t\u00ednh<\/i> <i>n\u0103ng<\/i> <i>\u0111\u1ec3<\/i> <i>\u0111\u00e1p<\/i> <i>\u1ee9ng<\/i> <i>m\u1ed9t<\/i> <i>c\u00e1c<\/i> <i>linh<\/i> <i>ho\u1ea1t<\/i> <i>v\u1edbi<\/i> <i>t\u00ednh<\/i> <i>ch\u1ea5t<\/i> <i>kh\u00e1c<\/i> <i>nhau<\/i> <i>c\u1ee7a<\/i> <i>t\u1eebng<\/i> <i>lo\u1ea1i<\/i> <i>h\u00ecnh<\/i> <i>s\u1ea3n<\/i> <i>xu\u1ea5t<\/i><i>, <\/i><i>qu\u1ea3n<\/i> <i>l\u00fd<\/i> <i>ch\u1ea5t<\/i> <i>l\u01b0\u1ee3ng<\/i><i>, <\/i><i>truy<\/i> <i>xu\u1ea5t<\/i> <i>d\u1eef<\/i> <i>li\u1ec7u<\/i> <i>v\u00e0<\/i> <i>gi\u1ea3m<\/i><i> chi <\/i><i>ph\u00ed<\/i> <i>s\u1ea3n<\/i> <i>xu\u1ea5t<\/i> <i>hi\u1ec7u<\/i> <i>qu\u1ea3<\/i><i>.<\/i><\/p>\n<p>\u00a0<\/p>\t\t\t\t\t\t\t\t<\/div>\n\t\t\t\t<\/div>\n\t\t\t\t\t<\/div>\n\t\t<\/div>\n\t\t\t\t<div class=\"elementor-column elementor-col-50 elementor-top-column elementor-element elementor-element-e5fdae0\" data-id=\"e5fdae0\" data-element_type=\"column\">\n\t\t\t<div class=\"elementor-widget-wrap elementor-element-populated\">\n\t\t\t\t\t\t<div class=\"elementor-element elementor-element-96b5b53 elementor-widget elementor-widget-image\" data-id=\"96b5b53\" data-element_type=\"widget\" data-widget_type=\"image.default\">\n\t\t\t\t<div class=\"elementor-widget-container\">\n\t\t\t\t\t\t\t\t\t\t\t\t\t\t\t<img fetchpriority=\"high\" decoding=\"async\" width=\"1280\" height=\"724\" src=\"https:\/\/techconnect-mi.com\/wp-content\/uploads\/2024\/07\/ai-generated-woman-coding-8846757.jpg\" class=\"attachment-full size-full wp-image-3176\" alt=\"ai generated, woman, coding-8846757.jpg\" srcset=\"https:\/\/techconnect-mi.com\/wp-content\/uploads\/2024\/07\/ai-generated-woman-coding-8846757.jpg 1280w, https:\/\/techconnect-mi.com\/wp-content\/uploads\/2024\/07\/ai-generated-woman-coding-8846757-300x170.jpg 300w, https:\/\/techconnect-mi.com\/wp-content\/uploads\/2024\/07\/ai-generated-woman-coding-8846757-1024x579.jpg 1024w, https:\/\/techconnect-mi.com\/wp-content\/uploads\/2024\/07\/ai-generated-woman-coding-8846757-768x434.jpg 768w, https:\/\/techconnect-mi.com\/wp-content\/uploads\/2024\/07\/ai-generated-woman-coding-8846757-18x10.jpg 18w\" sizes=\"(max-width: 1280px) 100vw, 1280px\" \/>\t\t\t\t\t\t\t\t\t\t\t\t\t\t\t<\/div>\n\t\t\t\t<\/div>\n\t\t\t\t\t<\/div>\n\t\t<\/div>\n\t\t\t\t\t<\/div>\n\t\t<\/section>\n\t\t\t\t<section class=\"elementor-section elementor-top-section elementor-element elementor-element-e90a943 elementor-section-boxed elementor-section-height-default elementor-section-height-default\" data-id=\"e90a943\" data-element_type=\"section\">\n\t\t\t\t\t\t<div class=\"elementor-container elementor-column-gap-default\">\n\t\t\t\t\t<div class=\"elementor-column elementor-col-50 elementor-top-column elementor-element elementor-element-2126f92\" data-id=\"2126f92\" data-element_type=\"column\">\n\t\t\t<div class=\"elementor-widget-wrap elementor-element-populated\">\n\t\t\t\t\t\t<div class=\"elementor-element elementor-element-bb78f71 elementor-widget elementor-widget-image\" data-id=\"bb78f71\" data-element_type=\"widget\" data-widget_type=\"image.default\">\n\t\t\t\t<div class=\"elementor-widget-container\">\n\t\t\t\t\t\t\t\t\t\t\t\t\t\t\t<img decoding=\"async\" width=\"1024\" height=\"684\" src=\"https:\/\/techconnect-mi.com\/wp-content\/uploads\/2024\/07\/Teamw1-1024x684.jpg\" class=\"attachment-large size-large wp-image-3177\" alt=\"\" srcset=\"https:\/\/techconnect-mi.com\/wp-content\/uploads\/2024\/07\/Teamw1-1024x684.jpg 1024w, https:\/\/techconnect-mi.com\/wp-content\/uploads\/2024\/07\/Teamw1-300x200.jpg 300w, https:\/\/techconnect-mi.com\/wp-content\/uploads\/2024\/07\/Teamw1-768x513.jpg 768w, https:\/\/techconnect-mi.com\/wp-content\/uploads\/2024\/07\/Teamw1-1536x1025.jpg 1536w, https:\/\/techconnect-mi.com\/wp-content\/uploads\/2024\/07\/Teamw1-18x12.jpg 18w, https:\/\/techconnect-mi.com\/wp-content\/uploads\/2024\/07\/Teamw1.jpg 2000w\" sizes=\"(max-width: 1024px) 100vw, 1024px\" \/>\t\t\t\t\t\t\t\t\t\t\t\t\t\t\t<\/div>\n\t\t\t\t<\/div>\n\t\t\t\t\t<\/div>\n\t\t<\/div>\n\t\t\t\t<div class=\"elementor-column elementor-col-50 elementor-top-column elementor-element elementor-element-e03a328\" data-id=\"e03a328\" data-element_type=\"column\">\n\t\t\t<div class=\"elementor-widget-wrap elementor-element-populated\">\n\t\t\t\t\t\t<div class=\"elementor-element elementor-element-e84a8b3 elementor-widget elementor-widget-heading\" data-id=\"e84a8b3\" data-element_type=\"widget\" data-widget_type=\"heading.default\">\n\t\t\t\t<div class=\"elementor-widget-container\">\n\t\t\t\t\t<h2 class=\"elementor-heading-title elementor-size-default\">Company value<\/h2>\t\t\t\t<\/div>\n\t\t\t\t<\/div>\n\t\t\t\t<div class=\"elementor-element elementor-element-23d597c elementor-widget-divider--view-line elementor-widget elementor-widget-divider\" data-id=\"23d597c\" data-element_type=\"widget\" data-widget_type=\"divider.default\">\n\t\t\t\t<div class=\"elementor-widget-container\">\n\t\t\t\t\t\t\t<div class=\"elementor-divider\">\n\t\t\t<span class=\"elementor-divider-separator\">\n\t\t\t\t\t\t<\/span>\n\t\t<\/div>\n\t\t\t\t\t\t<\/div>\n\t\t\t\t<\/div>\n\t\t\t\t<div class=\"elementor-element elementor-element-6d1a71e elementor-widget elementor-widget-text-editor\" data-id=\"6d1a71e\" data-element_type=\"widget\" data-widget_type=\"text-editor.default\">\n\t\t\t\t<div class=\"elementor-widget-container\">\n\t\t\t\t\t\t\t\t\t<p>At Techconnect, our vision, decisions and services are oriented and developed in robust engineering, hardware and software design methodologies. We rigorously align our projects with meticulous adherence to customers&#8217; local and international standards, ensuring the utmost precision and quality.<\/p><p><span style=\"color: rgb(46, 139, 87);\">Besides consistently enhancing technology , one more of TechConnect&#8217;s core value is dedicated to continuous professional development for its team members, nurturing both individual and collective growth and achievement.<\/span><br><\/p>\t\t\t\t\t\t\t\t<\/div>\n\t\t\t\t<\/div>\n\t\t\t\t<div class=\"elementor-element elementor-element-10b85c1 elementor-widget elementor-widget-text-editor\" data-id=\"10b85c1\" data-element_type=\"widget\" data-widget_type=\"text-editor.default\">\n\t\t\t\t<div class=\"elementor-widget-container\">\n\t\t\t\t\t\t\t\t\t<p><i style=\"font-weight: inherit;\">T\u1ea1i Techconnect, t\u1ea7m nh\u00ecn, c\u00e1c quy\u1ebft \u0111\u1ecbnh v\u00e0 d\u1ecbch v\u1ee5 c\u1ee7a ch\u00fang t\u00f4i \u0111\u1ec1u d\u1ef1a tr\u00ean c\u00e1c ph\u01b0\u01a1ng ph\u00e1p thi\u1ebft k\u1ebf ph\u1ea7n<\/i> <i style=\"font-weight: inherit;\">c\u1ee9ng<\/i><i style=\"font-weight: inherit;\">, <\/i><i style=\"font-weight: inherit;\">ph\u1ea7n<\/i><i style=\"font-weight: inherit;\"> m\u1ec1m v\u00e0 k\u1ef9 thu\u1eadt m\u1ea1nh m\u1ebd. Ch\u00fang t\u00f4i<\/i> <i style=\"font-weight: inherit;\">\u0111\u1ecbnh<\/i> <i style=\"font-weight: inherit;\">h\u01b0\u1edbng<\/i><i style=\"font-weight: inherit;\"> nghi\u00eam ng\u1eb7t c\u00e1c d\u1ef1 \u00e1n c\u1ee7a m\u00ecnh v\u1edbi vi\u1ec7c tu\u00e2n th\u1ee7 c\u00e1c ti\u00eau chu\u1ea9n <\/i><i style=\"font-weight: inherit;\">c\u1ee7a<\/i> <i style=\"font-weight: inherit;\">kh\u00e1ch<\/i> <i style=\"font-weight: inherit;\">h\u00e0ng<\/i> <i style=\"font-weight: inherit;\">v\u1edbi<\/i> <i style=\"font-weight: inherit;\">c\u00e1c<\/i> <i style=\"font-weight: inherit;\">chu\u1ea9n<\/i> <i style=\"font-weight: inherit;\">qu\u1ed1c<\/i> <i style=\"font-weight: inherit;\">t\u1ebf<\/i><i style=\"font-weight: inherit;\">, \u0111\u1ea3m b\u1ea3o \u0111\u1ed9 ch\u00ednh x\u00e1c v\u00e0 ch\u1ea5t l\u01b0\u1ee3ng t\u1ed1i \u0111a.<\/i><\/p><p><i>B\u00ean<\/i>\u00a0<i>c\u1ea1nh<\/i>\u00a0<i>vi\u1ec7c<\/i>\u00a0<i>ph\u00e1t<\/i>\u00a0<i>tri\u1ec3n<\/i>\u00a0<i>k\u1ef9<\/i>\u00a0<i>thu\u1eadt<\/i>\u00a0<i>li\u00ean<\/i>\u00a0<i>t\u1ee5c<\/i><i>,\u00a0<\/i><i>vi\u1ec7c<\/i>\u00a0<i>ph\u00e1t<\/i>\u00a0<i>tri\u1ec3n<\/i><i>\u00a0con\u00a0<\/i><i>ng\u01b0\u1eddi<\/i>\u00a0<i>c\u0169ng<\/i>\u00a0<i>l\u00e0<\/i>\u00a0<i>m\u1ed9t<\/i>\u00a0<i>gi\u00e1<\/i>\u00a0<i>tr\u1ecb<\/i>\u00a0<i>c\u1ed1t<\/i>\u00a0<i>l\u00f5i<\/i>\u00a0<i>m\u00e0<\/i>\u00a0<i>ch\u00fang<\/i>\u00a0<i>t\u00f4i<\/i>\u00a0<i>quan<\/i>\u00a0<i>t\u00e2m<\/i><i>,\u00a0<\/i><i>Techconnect lu\u00f4n n\u1ed7 l\u1ef1c h\u1ebft m\u00ecnh \u0111\u1ec3 ph\u00e1t tri\u1ec3n chuy\u00ean m\u00f4n li\u00ean t\u1ee5c cho c\u00e1c th\u00e0nh vi\u00ean trong nh\u00f3m c\u1ee7a m\u00ecnh, nu\u00f4i d\u01b0\u1ee1ng s\u1ef1 ph\u00e1t tri\u1ec3n v\u00e0 th\u00e0nh t\u00edch c\u1ee7a c\u1ea3 c\u00e1 nh\u00e2n v\u00e0 t\u1eadp th\u1ec3.<\/i><\/p>\t\t\t\t\t\t\t\t<\/div>\n\t\t\t\t<\/div>\n\t\t\t\t\t<\/div>\n\t\t<\/div>\n\t\t\t\t\t<\/div>\n\t\t<\/section>\n\t\t\t\t<\/div>","protected":false},"excerpt":{"rendered":"<p>WHO ARE WE ? About us TECHCONNECT offer comprehensive automation solutions for our customers in the manufacturing sector, empower them to build , expand and upgrade their process control systems. Established in 2017, TechConnect has earned the trust of our clients as a hardware and software development partner in optimization their production, customized application which &hellip;<\/p>\n<p class=\"read-more\"> <a class=\"\" href=\"https:\/\/techconnect-mi.com\/vi\/chuyen-doi-so-trong-san-xuat-cong-nghiep\/\"> <span class=\"screen-reader-text\">ABOUT US<\/span> Read More &raquo;<\/a><\/p>","protected":false},"author":1,"featured_media":0,"parent":0,"menu_order":0,"comment_status":"closed","ping_status":"closed","template":"","meta":{"footnotes":""},"class_list":["post-541","page","type-page","status-publish","hentry"],"jetpack_sharing_enabled":true,"_links":{"self":[{"href":"https:\/\/techconnect-mi.com\/vi\/wp-json\/wp\/v2\/pages\/541","targetHints":{"allow":["GET"]}}],"collection":[{"href":"https:\/\/techconnect-mi.com\/vi\/wp-json\/wp\/v2\/pages"}],"about":[{"href":"https:\/\/techconnect-mi.com\/vi\/wp-json\/wp\/v2\/types\/page"}],"author":[{"embeddable":true,"href":"https:\/\/techconnect-mi.com\/vi\/wp-json\/wp\/v2\/users\/1"}],"replies":[{"embeddable":true,"href":"https:\/\/techconnect-mi.com\/vi\/wp-json\/wp\/v2\/comments?post=541"}],"version-history":[{"count":71,"href":"https:\/\/techconnect-mi.com\/vi\/wp-json\/wp\/v2\/pages\/541\/revisions"}],"predecessor-version":[{"id":3480,"href":"https:\/\/techconnect-mi.com\/vi\/wp-json\/wp\/v2\/pages\/541\/revisions\/3480"}],"wp:attachment":[{"href":"https:\/\/techconnect-mi.com\/vi\/wp-json\/wp\/v2\/media?parent=541"}],"curies":[{"name":"wp","href":"https:\/\/api.w.org\/{rel}","templated":true}]}}