{"id":2725,"date":"2021-10-28T04:51:37","date_gmt":"2021-10-28T04:51:37","guid":{"rendered":"https:\/\/techconnect-mi.com\/?page_id=2725"},"modified":"2021-10-30T03:10:55","modified_gmt":"2021-10-30T03:10:55","slug":"equipment-quotation-request","status":"publish","type":"page","link":"https:\/\/techconnect-mi.com\/vi\/equipment-quotation-request\/","title":{"rendered":"Equipment Quotation Request"},"content":{"rendered":"<div data-elementor-type=\"wp-page\" data-elementor-id=\"2725\" class=\"elementor elementor-2725\">\n\t\t\t\t\t\t<section class=\"elementor-section elementor-top-section elementor-element elementor-element-5e78bff elementor-section-boxed elementor-section-height-default elementor-section-height-default\" data-id=\"5e78bff\" data-element_type=\"section\">\n\t\t\t\t\t\t<div class=\"elementor-container elementor-column-gap-default\">\n\t\t\t\t\t<div class=\"elementor-column elementor-col-100 elementor-top-column elementor-element elementor-element-e0d0c76\" data-id=\"e0d0c76\" data-element_type=\"column\">\n\t\t\t<div class=\"elementor-widget-wrap elementor-element-populated\">\n\t\t\t\t\t\t<div class=\"elementor-element elementor-element-69ecdeb elementor-widget elementor-widget-heading\" data-id=\"69ecdeb\" data-element_type=\"widget\" data-widget_type=\"heading.default\">\n\t\t\t\t<div class=\"elementor-widget-container\">\n\t\t\t\t\t<h2 class=\"elementor-heading-title elementor-size-default\">EQUIPMENT QUOTATION REQUEST<\/h2>\t\t\t\t<\/div>\n\t\t\t\t<\/div>\n\t\t\t\t<div class=\"elementor-element elementor-element-d7efa6d elementor-widget elementor-widget-wpforms\" data-id=\"d7efa6d\" data-element_type=\"widget\" data-widget_type=\"wpforms.default\">\n\t\t\t\t<div class=\"elementor-widget-container\">\n\t\t\t\t\t<div class=\"wpforms-container\" id=\"wpforms-2723\"><form id=\"wpforms-form-2723\" class=\"wpforms-validate wpforms-form wpforms-ajax-form\" data-formid=\"2723\" method=\"post\" enctype=\"multipart\/form-data\" action=\"\/vi\/wp-json\/wp\/v2\/pages\/2725\" data-token=\"993914141a4e8d02a5ff4ab09f8fc5e5\" data-token-time=\"1778611626\" data-trp-original-action=\"\/vi\/wp-json\/wp\/v2\/pages\/2725\"><noscript class=\"wpforms-error-noscript\">Vui l\u00f2ng b\u1eadt JavaScript trong tr\u00ecnh duy\u1ec7t c\u1ee7a b\u1ea1n \u0111\u1ec3 ho\u00e0n th\u00e0nh Form n\u00e0y.<\/noscript><div class=\"wpforms-field-container\"><div id=\"wpforms-2723-field_0-container\" class=\"wpforms-field wpforms-field-name\" data-field-id=\"0\"><label class=\"wpforms-field-label\">Name <span class=\"wpforms-required-label\">*<\/span><\/label><div class=\"wpforms-field-row wpforms-field-medium\"><div class=\"wpforms-field-row-block wpforms-first wpforms-one-half\"><input type=\"text\" id=\"wpforms-2723-field_0\" class=\"wpforms-field-name-first wpforms-field-required\" name=\"wpforms[fields][0][first]\" required><label for=\"wpforms-2723-field_0\" class=\"wpforms-field-sublabel after\">T\u00ean<\/label><\/div><div class=\"wpforms-field-row-block wpforms-one-half\"><input type=\"text\" id=\"wpforms-2723-field_0-last\" class=\"wpforms-field-name-last wpforms-field-required\" name=\"wpforms[fields][0][last]\" required><label for=\"wpforms-2723-field_0-last\" class=\"wpforms-field-sublabel after\">H\u1ecd<\/label><\/div><\/div><\/div><div id=\"wpforms-2723-field_1-container\" class=\"wpforms-field wpforms-field-email\" data-field-id=\"1\"><label class=\"wpforms-field-label\" for=\"wpforms-2723-field_1\">Email <span class=\"wpforms-required-label\">*<\/span><\/label><input type=\"email\" id=\"wpforms-2723-field_1\" class=\"wpforms-field-medium wpforms-field-required\" name=\"wpforms[fields][1]\" spellcheck=\"false\" required><\/div><div id=\"wpforms-2723-field_7-container\" class=\"wpforms-field wpforms-field-text\" data-field-id=\"7\"><label class=\"wpforms-field-label\" for=\"wpforms-2723-field_7\">Business Organization <span class=\"wpforms-required-label\">*<\/span><\/label><input type=\"text\" id=\"wpforms-2723-field_7\" class=\"wpforms-field-medium wpforms-field-required\" name=\"wpforms[fields][7]\" required><\/div><div id=\"wpforms-2723-field_4-container\" class=\"wpforms-field wpforms-field-number\" data-field-id=\"4\"><label class=\"wpforms-field-label\" for=\"wpforms-2723-field_4\">Phone (Optional)<\/label><input type=\"number\" id=\"wpforms-2723-field_4\" class=\"wpforms-field-medium\" name=\"wpforms[fields][4]\" step=\"any\" ><div class=\"wpforms-field-description\">Please let your phone numbers, then we can catch up you quickly<\/div><\/div><div id=\"wpforms-2723-field_5-container\" class=\"wpforms-field wpforms-field-checkbox\" data-field-id=\"5\"><label class=\"wpforms-field-label\">Please choose your interested products<\/label><ul id=\"wpforms-2723-field_5\"><li class=\"choice-1 depth-1\"><input type=\"checkbox\" id=\"wpforms-2723-field_5_1\" name=\"wpforms[fields][5][]\" value=\"PLC Products\"  ><label class=\"wpforms-field-label-inline\" for=\"wpforms-2723-field_5_1\">PLC Products<\/label><\/li><li class=\"choice-4 depth-1\"><input type=\"checkbox\" id=\"wpforms-2723-field_5_4\" name=\"wpforms[fields][5][]\" value=\"HMI Products\"  ><label class=\"wpforms-field-label-inline\" for=\"wpforms-2723-field_5_4\">HMI Products<\/label><\/li><li class=\"choice-5 depth-1\"><input type=\"checkbox\" id=\"wpforms-2723-field_5_5\" name=\"wpforms[fields][5][]\" value=\"Inverter\"  ><label class=\"wpforms-field-label-inline\" for=\"wpforms-2723-field_5_5\">Inverter<\/label><\/li><li class=\"choice-8 depth-1\"><input type=\"checkbox\" id=\"wpforms-2723-field_5_8\" name=\"wpforms[fields][5][]\" value=\"Motion Control\"  ><label class=\"wpforms-field-label-inline\" for=\"wpforms-2723-field_5_8\">Motion Control<\/label><\/li><li class=\"choice-2 depth-1\"><input type=\"checkbox\" id=\"wpforms-2723-field_5_2\" name=\"wpforms[fields][5][]\" value=\"Servo Drive\"  ><label class=\"wpforms-field-label-inline\" for=\"wpforms-2723-field_5_2\">Servo Drive<\/label><\/li><li class=\"choice-3 depth-1\"><input type=\"checkbox\" id=\"wpforms-2723-field_5_3\" name=\"wpforms[fields][5][]\" value=\"Servo Motors\"  ><label class=\"wpforms-field-label-inline\" for=\"wpforms-2723-field_5_3\">Servo Motors<\/label><\/li><li class=\"choice-6 depth-1\"><input type=\"checkbox\" id=\"wpforms-2723-field_5_6\" name=\"wpforms[fields][5][]\" value=\"Safety Cover\"  ><label class=\"wpforms-field-label-inline\" for=\"wpforms-2723-field_5_6\">Safety Cover<\/label><\/li><li class=\"choice-7 depth-1\"><input type=\"checkbox\" id=\"wpforms-2723-field_5_7\" name=\"wpforms[fields][5][]\" value=\"Safety Relay\"  ><label class=\"wpforms-field-label-inline\" for=\"wpforms-2723-field_5_7\">Safety Relay<\/label><\/li><li class=\"choice-9 depth-1\"><input type=\"checkbox\" id=\"wpforms-2723-field_5_9\" name=\"wpforms[fields][5][]\" value=\"Safety Sensor &amp; Switches\"  ><label class=\"wpforms-field-label-inline\" for=\"wpforms-2723-field_5_9\">Safety Sensor &amp; Switches<\/label><\/li><li class=\"choice-10 depth-1\"><input type=\"checkbox\" id=\"wpforms-2723-field_5_10\" name=\"wpforms[fields][5][]\" value=\"Software Suite\"  ><label class=\"wpforms-field-label-inline\" for=\"wpforms-2723-field_5_10\">Software Suite<\/label><\/li><\/ul><\/div><div id=\"wpforms-2723-field_2-container\" class=\"wpforms-field wpforms-field-textarea\" data-field-id=\"2\"><label class=\"wpforms-field-label\" for=\"wpforms-2723-field_2\">More information on your choose (Option)<\/label><textarea id=\"wpforms-2723-field_2\" class=\"wpforms-field-medium\" name=\"wpforms[fields][2]\" ><\/textarea><\/div><\/div><!-- .wpforms-field-container --><div class=\"wpforms-submit-container\" ><input type=\"hidden\" name=\"wpforms[id]\" value=\"2723\"><input type=\"hidden\" name=\"page_title\" value=\"\"><input type=\"hidden\" name=\"page_url\" value=\"https:\/\/techconnect-mi.com\/vi\/wp-json\/wp\/v2\/pages\/2725\"><input type=\"hidden\" name=\"url_referer\" value=\"\"><button type=\"submit\" name=\"wpforms[submit]\" id=\"wpforms-submit-2723\" class=\"wpforms-submit\" data-alt-text=\"Sending...\" data-submit-text=\"Submit\" aria-live=\"assertive\" value=\"wpforms-submit\">Submit<\/button><img decoding=\"async\" src=\"https:\/\/techconnect-mi.com\/wp-content\/plugins\/wpforms-lite\/assets\/images\/submit-spin.svg\" class=\"wpforms-submit-spinner\" style=\"display: none;\" width=\"26\" height=\"26\" alt=\"\u0110ang t\u1ea3i\"><\/div><input type=\"hidden\" name=\"trp-form-language\" value=\"vi\"\/><\/form><\/div>  <!-- .wpforms-container -->\t\t\t\t<\/div>\n\t\t\t\t<\/div>\n\t\t\t\t\t<\/div>\n\t\t<\/div>\n\t\t\t\t\t<\/div>\n\t\t<\/section>\n\t\t\t\t<\/div>","protected":false},"excerpt":{"rendered":"<p>EQUIPMENT QUOTATION REQUEST<\/p>","protected":false},"author":1,"featured_media":2741,"parent":0,"menu_order":0,"comment_status":"closed","ping_status":"closed","template":"","meta":{"footnotes":""},"class_list":["post-2725","page","type-page","status-publish","has-post-thumbnail","hentry"],"jetpack_sharing_enabled":true,"_links":{"self":[{"href":"https:\/\/techconnect-mi.com\/vi\/wp-json\/wp\/v2\/pages\/2725","targetHints":{"allow":["GET"]}}],"collection":[{"href":"https:\/\/techconnect-mi.com\/vi\/wp-json\/wp\/v2\/pages"}],"about":[{"href":"https:\/\/techconnect-mi.com\/vi\/wp-json\/wp\/v2\/types\/page"}],"author":[{"embeddable":true,"href":"https:\/\/techconnect-mi.com\/vi\/wp-json\/wp\/v2\/users\/1"}],"replies":[{"embeddable":true,"href":"https:\/\/techconnect-mi.com\/vi\/wp-json\/wp\/v2\/comments?post=2725"}],"version-history":[{"count":11,"href":"https:\/\/techconnect-mi.com\/vi\/wp-json\/wp\/v2\/pages\/2725\/revisions"}],"predecessor-version":[{"id":2736,"href":"https:\/\/techconnect-mi.com\/vi\/wp-json\/wp\/v2\/pages\/2725\/revisions\/2736"}],"wp:featuredmedia":[{"embeddable":true,"href":"https:\/\/techconnect-mi.com\/vi\/wp-json\/wp\/v2\/media\/2741"}],"wp:attachment":[{"href":"https:\/\/techconnect-mi.com\/vi\/wp-json\/wp\/v2\/media?parent=2725"}],"curies":[{"name":"wp","href":"https:\/\/api.w.org\/{rel}","templated":true}]}}